{"id":7512,"date":"2026-03-22T16:04:21","date_gmt":"2026-03-22T15:04:21","guid":{"rendered":"https:\/\/bdmiam.fr\/?page_id=7512"},"modified":"2026-03-22T16:05:04","modified_gmt":"2026-03-22T15:05:04","slug":"nicolas-grebil","status":"publish","type":"page","link":"https:\/\/bdmiam.fr\/index.php\/festival-2026\/nicolas-grebil\/","title":{"rendered":"Nicolas Grebil"},"content":{"rendered":"\n<figure data-wp-context=\"{&quot;imageId&quot;:&quot;69dade0a43f40&quot;}\" data-wp-interactive=\"core\/image\" data-wp-key=\"69dade0a43f40\" class=\"wp-block-image aligncenter size-medium wp-lightbox-container\"><img data-recalc-dims=\"1\" loading=\"lazy\" decoding=\"async\" width=\"300\" height=\"300\" data-wp-class--hide=\"state.isContentHidden\" data-wp-class--show=\"state.isContentVisible\" data-wp-init=\"callbacks.setButtonStyles\" data-wp-on--click=\"actions.showLightbox\" data-wp-on--load=\"callbacks.setButtonStyles\" data-wp-on-window--resize=\"callbacks.setButtonStyles\" src=\"https:\/\/i0.wp.com\/bdmiam.fr\/wp-content\/uploads\/2026\/03\/Nicolas-Grebil.jpg?resize=300%2C300&#038;ssl=1\" alt=\"\" class=\"wp-image-7513\" srcset=\"https:\/\/i0.wp.com\/bdmiam.fr\/wp-content\/uploads\/2026\/03\/Nicolas-Grebil.jpg?resize=300%2C300&amp;ssl=1 300w, https:\/\/i0.wp.com\/bdmiam.fr\/wp-content\/uploads\/2026\/03\/Nicolas-Grebil.jpg?resize=150%2C150&amp;ssl=1 150w, https:\/\/i0.wp.com\/bdmiam.fr\/wp-content\/uploads\/2026\/03\/Nicolas-Grebil.jpg?w=630&amp;ssl=1 630w\" sizes=\"auto, (max-width: 300px) 100vw, 300px\" \/><button\n\t\t\tclass=\"lightbox-trigger\"\n\t\t\ttype=\"button\"\n\t\t\taria-haspopup=\"dialog\"\n\t\t\taria-label=\"Agrandir\"\n\t\t\tdata-wp-init=\"callbacks.initTriggerButton\"\n\t\t\tdata-wp-on--click=\"actions.showLightbox\"\n\t\t\tdata-wp-style--right=\"state.imageButtonRight\"\n\t\t\tdata-wp-style--top=\"state.imageButtonTop\"\n\t\t>\n\t\t\t<svg xmlns=\"http:\/\/www.w3.org\/2000\/svg\" width=\"12\" height=\"12\" fill=\"none\" viewBox=\"0 0 12 12\">\n\t\t\t\t<path fill=\"#fff\" d=\"M2 0a2 2 0 0 0-2 2v2h1.5V2a.5.5 0 0 1 .5-.5h2V0H2Zm2 10.5H2a.5.5 0 0 1-.5-.5V8H0v2a2 2 0 0 0 2 2h2v-1.5ZM8 12v-1.5h2a.5.5 0 0 0 .5-.5V8H12v2a2 2 0 0 1-2 2H8Zm2-12a2 2 0 0 1 2 2v2h-1.5V2a.5.5 0 0 0-.5-.5H8V0h2Z\" \/>\n\t\t\t<\/svg>\n\t\t<\/button><\/figure>\n\n\n\n<p><\/p>\n\n\n\n<p class=\"has-text-align-center\">Dipl\u00f4m\u00e9 de l&rsquo;\u00c9cole <strong>Pivaut de Nantes, Nicolas Grebil<\/strong> est dessinateur, coloriste et illustrateur jeunesse. <\/p>\n\n\n\n<p class=\"has-text-align-center\">Il commence sa carri\u00e8re en illustrant les calendriers du Cr\u00e9dit Mutuel avant d&rsquo;\u00eatre contact\u00e9 par des maisons d&rsquo;\u00e9dition jeunesse pour illustrer des romans pour enfants dyslexiques.<\/p>\n\n\n\n<p class=\"has-text-align-center\"> Il part ensuite vers d&rsquo;autres projets plus graphiques en rapport avec le monde du spectacle. <\/p>\n\n\n\n<p class=\"has-text-align-center\"><strong>En 2019, il d\u00e9m\u00e9nage \u00e0 La Rochelle<\/strong> o\u00f9 il jongle entre peinture, interventions dans les \u00e9coles, projets graphiques, illustrations presse et illustrations jeunesse. Enfin, en 2023, il se lance dans la bande dessin\u00e9e jeunesse, accompagn\u00e9 de <strong>Lylian au scenario<\/strong>.<\/p>\n\n\n\n<p><\/p>\n\n\n\n<p class=\"has-text-align-center\"><strong>Achat sur place obligatoire<\/strong><\/p>\n\n\n\n<p><\/p>\n\n\n\n<figure class=\"wp-block-image aligncenter size-full\"><img data-recalc-dims=\"1\" loading=\"lazy\" decoding=\"async\" width=\"700\" height=\"963\" src=\"https:\/\/i0.wp.com\/bdmiam.fr\/wp-content\/uploads\/2026\/03\/9782808510899-couv-M700x1200.jpg?resize=700%2C963&#038;ssl=1\" alt=\"\" class=\"wp-image-7515\" srcset=\"https:\/\/i0.wp.com\/bdmiam.fr\/wp-content\/uploads\/2026\/03\/9782808510899-couv-M700x1200.jpg?w=700&amp;ssl=1 700w, https:\/\/i0.wp.com\/bdmiam.fr\/wp-content\/uploads\/2026\/03\/9782808510899-couv-M700x1200.jpg?resize=218%2C300&amp;ssl=1 218w\" sizes=\"auto, (max-width: 700px) 100vw, 700px\" \/><\/figure>\n\n\n\n<p><\/p>\n\n\n\n<p class=\"has-text-align-center\">Sources : <strong><a href=\"https:\/\/www.dupuis.com\/auteurbd\/grebil\/7032\" data-type=\"link\" data-id=\"https:\/\/www.dupuis.com\/auteurbd\/grebil\/7032\" target=\"_blank\" rel=\"noreferrer noopener\">Dupuis.com<\/a><\/strong><\/p>\n\n\n\n<p><\/p>\n","protected":false},"excerpt":{"rendered":"<p>Dipl\u00f4m\u00e9 de l&rsquo;\u00c9cole Pivaut de Nantes, Nicolas Grebil est dessinateur, coloriste et illustrateur jeunesse. Il commence sa carri\u00e8re en illustrant les calendriers du Cr\u00e9dit Mutuel avant d&rsquo;\u00eatre contact\u00e9 par des maisons d&rsquo;\u00e9dition jeunesse pour illustrer des romans pour enfants dyslexiques. Il part ensuite vers d&rsquo;autres projets plus graphiques en rapport avec le monde du spectacle. [&hellip;]<\/p>\n","protected":false},"author":1,"featured_media":7514,"parent":7459,"menu_order":0,"comment_status":"closed","ping_status":"closed","template":"page-with-sidebar","meta":{"footnotes":""},"class_list":["post-7512","page","type-page","status-publish","has-post-thumbnail","hentry"],"jetpack_sharing_enabled":true,"_links":{"self":[{"href":"https:\/\/bdmiam.fr\/index.php\/wp-json\/wp\/v2\/pages\/7512","targetHints":{"allow":["GET"]}}],"collection":[{"href":"https:\/\/bdmiam.fr\/index.php\/wp-json\/wp\/v2\/pages"}],"about":[{"href":"https:\/\/bdmiam.fr\/index.php\/wp-json\/wp\/v2\/types\/page"}],"author":[{"embeddable":true,"href":"https:\/\/bdmiam.fr\/index.php\/wp-json\/wp\/v2\/users\/1"}],"replies":[{"embeddable":true,"href":"https:\/\/bdmiam.fr\/index.php\/wp-json\/wp\/v2\/comments?post=7512"}],"version-history":[{"count":1,"href":"https:\/\/bdmiam.fr\/index.php\/wp-json\/wp\/v2\/pages\/7512\/revisions"}],"predecessor-version":[{"id":7516,"href":"https:\/\/bdmiam.fr\/index.php\/wp-json\/wp\/v2\/pages\/7512\/revisions\/7516"}],"up":[{"embeddable":true,"href":"https:\/\/bdmiam.fr\/index.php\/wp-json\/wp\/v2\/pages\/7459"}],"wp:featuredmedia":[{"embeddable":true,"href":"https:\/\/bdmiam.fr\/index.php\/wp-json\/wp\/v2\/media\/7514"}],"wp:attachment":[{"href":"https:\/\/bdmiam.fr\/index.php\/wp-json\/wp\/v2\/media?parent=7512"}],"curies":[{"name":"wp","href":"https:\/\/api.w.org\/{rel}","templated":true}]}}