{"id":7518,"date":"2026-03-22T16:15:16","date_gmt":"2026-03-22T15:15:16","guid":{"rendered":"https:\/\/bdmiam.fr\/?page_id=7518"},"modified":"2026-03-22T16:15:16","modified_gmt":"2026-03-22T15:15:16","slug":"michael-sanlaville","status":"publish","type":"page","link":"https:\/\/bdmiam.fr\/index.php\/festival-2026\/michael-sanlaville\/","title":{"rendered":"Micha\u00ebl Sanlaville"},"content":{"rendered":"\n<figure data-wp-context=\"{&quot;imageId&quot;:&quot;69dadec525c92&quot;}\" data-wp-interactive=\"core\/image\" data-wp-key=\"69dadec525c92\" class=\"wp-block-image aligncenter size-medium wp-lightbox-container\"><img data-recalc-dims=\"1\" loading=\"lazy\" decoding=\"async\" width=\"223\" height=\"300\" data-wp-class--hide=\"state.isContentHidden\" data-wp-class--show=\"state.isContentVisible\" data-wp-init=\"callbacks.setButtonStyles\" data-wp-on--click=\"actions.showLightbox\" data-wp-on--load=\"callbacks.setButtonStyles\" data-wp-on-window--resize=\"callbacks.setButtonStyles\" src=\"https:\/\/i0.wp.com\/bdmiam.fr\/wp-content\/uploads\/2026\/03\/Michale-Sanlaville.jpg?resize=223%2C300&#038;ssl=1\" alt=\"\" class=\"wp-image-7437\" srcset=\"https:\/\/i0.wp.com\/bdmiam.fr\/wp-content\/uploads\/2026\/03\/Michale-Sanlaville.jpg?resize=223%2C300&amp;ssl=1 223w, https:\/\/i0.wp.com\/bdmiam.fr\/wp-content\/uploads\/2026\/03\/Michale-Sanlaville.jpg?w=398&amp;ssl=1 398w\" sizes=\"auto, (max-width: 223px) 100vw, 223px\" \/><button\n\t\t\tclass=\"lightbox-trigger\"\n\t\t\ttype=\"button\"\n\t\t\taria-haspopup=\"dialog\"\n\t\t\taria-label=\"Agrandir\"\n\t\t\tdata-wp-init=\"callbacks.initTriggerButton\"\n\t\t\tdata-wp-on--click=\"actions.showLightbox\"\n\t\t\tdata-wp-style--right=\"state.imageButtonRight\"\n\t\t\tdata-wp-style--top=\"state.imageButtonTop\"\n\t\t>\n\t\t\t<svg xmlns=\"http:\/\/www.w3.org\/2000\/svg\" width=\"12\" height=\"12\" fill=\"none\" viewBox=\"0 0 12 12\">\n\t\t\t\t<path fill=\"#fff\" d=\"M2 0a2 2 0 0 0-2 2v2h1.5V2a.5.5 0 0 1 .5-.5h2V0H2Zm2 10.5H2a.5.5 0 0 1-.5-.5V8H0v2a2 2 0 0 0 2 2h2v-1.5ZM8 12v-1.5h2a.5.5 0 0 0 .5-.5V8H12v2a2 2 0 0 1-2 2H8Zm2-12a2 2 0 0 1 2 2v2h-1.5V2a.5.5 0 0 0-.5-.5H8V0h2Z\" \/>\n\t\t\t<\/svg>\n\t\t<\/button><\/figure>\n\n\n\n<p><\/p>\n\n\n\n<p class=\"has-text-align-center\"><strong>Micha\u00ebl Sanlaville<\/strong>\u00a0se r\u00e9v\u00e8le au grand public en 2008 avec\u00a0<strong><em>Hollywood Jan<\/em>\u00a0(Casterman)<\/strong> qu\u2019il cor\u00e9alise avec <strong>Bastien Viv\u00e8s<\/strong>.<\/p>\n\n\n\n<p class=\"has-text-align-center\">Il dessine ensuite <strong>Rocher Rouge sur un sc\u00e9nario d\u2019Eric Borg<\/strong>, en 2009 et \u00e9crit son premier album\u00a0;\u00a0<strong><em>Le Fl\u00e9au Vert<\/em>\u00a0pour le label KSTR de Casterman<\/strong>, en 2011.\u00a0<\/p>\n\n\n\n<p class=\"has-text-align-center\">A partir de cet album, son univers empreint de cin\u00e9ma populaire am\u00e9ricain et de manga ne cessera de se pr\u00e9ciser et de s\u2019affiner.<\/p>\n\n\n\n<p class=\"has-text-align-center\">Fort de leur premi\u00e8re collaboration, il retrouve <strong>Viv\u00e8s et Balak<\/strong> pour cr\u00e9er la s\u00e9rie\u00a0\u00e9v\u00e9nement\u00a0<em><strong>Lastman<\/strong><\/em>, <strong>prim\u00e9e en 2015 au Festival d\u2019Angoul\u00eame<\/strong> et adapt\u00e9e en dessin anim\u00e9 l\u2019ann\u00e9e suivante. Depuis 2018, il adapte &#8211; toujours chez Casterman &#8211;\u00a0<strong>Les enqu\u00eates de San-Antonio<\/strong>, le c\u00e9l\u00e8bre commissaire n\u00e9 sous la plume de Fr\u00e9d\u00e9ric Dard. Avec\u00a0<strong><em>Banana<\/em>\u00a0<em>Sioule<\/em><\/strong>, d\u00e9but\u00e9 en 2022 chez Gl\u00e9nat il rend hommage aux shonens qui ont nourri son enfance.<\/p>\n\n\n\n<p class=\"has-text-align-center\"><strong>Il r\u00e9side pr\u00e8s de Lyon.<\/strong><\/p>\n\n\n\n<p><\/p>\n\n\n\n<p class=\"has-text-align-center\"><strong>Achat sur place obligatoire<\/strong><\/p>\n\n\n\n<p><\/p>\n\n\n\n<figure class=\"wp-block-image aligncenter size-large\"><img data-recalc-dims=\"1\" loading=\"lazy\" decoding=\"async\" width=\"736\" height=\"1024\" src=\"https:\/\/i0.wp.com\/bdmiam.fr\/wp-content\/uploads\/2026\/03\/Tunnels-Michael-sanlaville.jpg?resize=736%2C1024&#038;ssl=1\" alt=\"\" class=\"wp-image-7438\" srcset=\"https:\/\/i0.wp.com\/bdmiam.fr\/wp-content\/uploads\/2026\/03\/Tunnels-Michael-sanlaville.jpg?resize=736%2C1024&amp;ssl=1 736w, https:\/\/i0.wp.com\/bdmiam.fr\/wp-content\/uploads\/2026\/03\/Tunnels-Michael-sanlaville.jpg?resize=216%2C300&amp;ssl=1 216w, https:\/\/i0.wp.com\/bdmiam.fr\/wp-content\/uploads\/2026\/03\/Tunnels-Michael-sanlaville.jpg?resize=768%2C1068&amp;ssl=1 768w, https:\/\/i0.wp.com\/bdmiam.fr\/wp-content\/uploads\/2026\/03\/Tunnels-Michael-sanlaville.jpg?resize=1104%2C1536&amp;ssl=1 1104w, https:\/\/i0.wp.com\/bdmiam.fr\/wp-content\/uploads\/2026\/03\/Tunnels-Michael-sanlaville.jpg?w=1400&amp;ssl=1 1400w\" sizes=\"auto, (max-width: 736px) 100vw, 736px\" \/><\/figure>\n\n\n\n<p><\/p>\n\n\n\n<p class=\"has-text-align-center\">Sources : <strong><a href=\"https:\/\/www.glenat.com\/auteur\/michael-sanlaville\/\" data-type=\"link\" data-id=\"https:\/\/www.glenat.com\/auteur\/michael-sanlaville\/\" target=\"_blank\" rel=\"noreferrer noopener\">Glenat.com<\/a><\/strong><\/p>\n\n\n\n<p><\/p>\n","protected":false},"excerpt":{"rendered":"<p>Micha\u00ebl Sanlaville\u00a0se r\u00e9v\u00e8le au grand public en 2008 avec\u00a0Hollywood Jan\u00a0(Casterman) qu\u2019il cor\u00e9alise avec Bastien Viv\u00e8s. Il dessine ensuite Rocher Rouge sur un sc\u00e9nario d\u2019Eric Borg, en 2009 et \u00e9crit son premier album\u00a0;\u00a0Le Fl\u00e9au Vert\u00a0pour le label KSTR de Casterman, en 2011.\u00a0 A partir de cet album, son univers empreint de cin\u00e9ma populaire am\u00e9ricain et de [&hellip;]<\/p>\n","protected":false},"author":1,"featured_media":7436,"parent":7459,"menu_order":0,"comment_status":"closed","ping_status":"closed","template":"page-with-sidebar","meta":{"footnotes":""},"class_list":["post-7518","page","type-page","status-publish","has-post-thumbnail","hentry"],"jetpack_sharing_enabled":true,"_links":{"self":[{"href":"https:\/\/bdmiam.fr\/index.php\/wp-json\/wp\/v2\/pages\/7518","targetHints":{"allow":["GET"]}}],"collection":[{"href":"https:\/\/bdmiam.fr\/index.php\/wp-json\/wp\/v2\/pages"}],"about":[{"href":"https:\/\/bdmiam.fr\/index.php\/wp-json\/wp\/v2\/types\/page"}],"author":[{"embeddable":true,"href":"https:\/\/bdmiam.fr\/index.php\/wp-json\/wp\/v2\/users\/1"}],"replies":[{"embeddable":true,"href":"https:\/\/bdmiam.fr\/index.php\/wp-json\/wp\/v2\/comments?post=7518"}],"version-history":[{"count":1,"href":"https:\/\/bdmiam.fr\/index.php\/wp-json\/wp\/v2\/pages\/7518\/revisions"}],"predecessor-version":[{"id":7519,"href":"https:\/\/bdmiam.fr\/index.php\/wp-json\/wp\/v2\/pages\/7518\/revisions\/7519"}],"up":[{"embeddable":true,"href":"https:\/\/bdmiam.fr\/index.php\/wp-json\/wp\/v2\/pages\/7459"}],"wp:featuredmedia":[{"embeddable":true,"href":"https:\/\/bdmiam.fr\/index.php\/wp-json\/wp\/v2\/media\/7436"}],"wp:attachment":[{"href":"https:\/\/bdmiam.fr\/index.php\/wp-json\/wp\/v2\/media?parent=7518"}],"curies":[{"name":"wp","href":"https:\/\/api.w.org\/{rel}","templated":true}]}}