{"id":7525,"date":"2026-03-22T16:31:02","date_gmt":"2026-03-22T15:31:02","guid":{"rendered":"https:\/\/bdmiam.fr\/?page_id=7525"},"modified":"2026-03-22T16:31:02","modified_gmt":"2026-03-22T15:31:02","slug":"aurelie-neyret","status":"publish","type":"page","link":"https:\/\/bdmiam.fr\/index.php\/festival-2026\/aurelie-neyret\/","title":{"rendered":"Aur\u00e9lie Neyret"},"content":{"rendered":"\n<figure data-wp-context=\"{&quot;imageId&quot;:&quot;69dadec527cb6&quot;}\" data-wp-interactive=\"core\/image\" data-wp-key=\"69dadec527cb6\" class=\"wp-block-image aligncenter size-medium wp-lightbox-container\"><img data-recalc-dims=\"1\" loading=\"lazy\" decoding=\"async\" width=\"200\" height=\"300\" data-wp-class--hide=\"state.isContentHidden\" data-wp-class--show=\"state.isContentVisible\" data-wp-init=\"callbacks.setButtonStyles\" data-wp-on--click=\"actions.showLightbox\" data-wp-on--load=\"callbacks.setButtonStyles\" data-wp-on-window--resize=\"callbacks.setButtonStyles\" src=\"https:\/\/i0.wp.com\/bdmiam.fr\/wp-content\/uploads\/2026\/03\/Aurelie-Neyret.jpg?resize=200%2C300&#038;ssl=1\" alt=\"\" class=\"wp-image-7452\" srcset=\"https:\/\/i0.wp.com\/bdmiam.fr\/wp-content\/uploads\/2026\/03\/Aurelie-Neyret.jpg?resize=200%2C300&amp;ssl=1 200w, https:\/\/i0.wp.com\/bdmiam.fr\/wp-content\/uploads\/2026\/03\/Aurelie-Neyret.jpg?resize=683%2C1024&amp;ssl=1 683w, https:\/\/i0.wp.com\/bdmiam.fr\/wp-content\/uploads\/2026\/03\/Aurelie-Neyret.jpg?resize=768%2C1152&amp;ssl=1 768w, https:\/\/i0.wp.com\/bdmiam.fr\/wp-content\/uploads\/2026\/03\/Aurelie-Neyret.jpg?resize=1024%2C1536&amp;ssl=1 1024w, https:\/\/i0.wp.com\/bdmiam.fr\/wp-content\/uploads\/2026\/03\/Aurelie-Neyret.jpg?w=1365&amp;ssl=1 1365w\" sizes=\"auto, (max-width: 200px) 100vw, 200px\" \/><button\n\t\t\tclass=\"lightbox-trigger\"\n\t\t\ttype=\"button\"\n\t\t\taria-haspopup=\"dialog\"\n\t\t\taria-label=\"Agrandir\"\n\t\t\tdata-wp-init=\"callbacks.initTriggerButton\"\n\t\t\tdata-wp-on--click=\"actions.showLightbox\"\n\t\t\tdata-wp-style--right=\"state.imageButtonRight\"\n\t\t\tdata-wp-style--top=\"state.imageButtonTop\"\n\t\t>\n\t\t\t<svg xmlns=\"http:\/\/www.w3.org\/2000\/svg\" width=\"12\" height=\"12\" fill=\"none\" viewBox=\"0 0 12 12\">\n\t\t\t\t<path fill=\"#fff\" d=\"M2 0a2 2 0 0 0-2 2v2h1.5V2a.5.5 0 0 1 .5-.5h2V0H2Zm2 10.5H2a.5.5 0 0 1-.5-.5V8H0v2a2 2 0 0 0 2 2h2v-1.5ZM8 12v-1.5h2a.5.5 0 0 0 .5-.5V8H12v2a2 2 0 0 1-2 2H8Zm2-12a2 2 0 0 1 2 2v2h-1.5V2a.5.5 0 0 0-.5-.5H8V0h2Z\" \/>\n\t\t\t<\/svg>\n\t\t<\/button><\/figure>\n\n\n\n<p><\/p>\n\n\n\n<p class=\"has-text-align-center\"><strong>Aur\u00e9lie Neyret<\/strong> est une illustratrice <strong>Lyonnaise<\/strong>.<\/p>\n\n\n\n<p class=\"has-text-align-center\"> Quand elle \u00e9tait petite, <strong>elle r\u00eavait d&rsquo;habiter sur un bateau<\/strong>, collectionnait plein de choses inutiles et \u00e9tranges, elle aimait lire en cachette toute la nuit, construire des cabanes, et surtout, faire des dessins!<\/p>\n\n\n\n<p class=\"has-text-align-center\">Aujourd&rsquo;hui, sa vision de la vie n&rsquo;a pas beaucoup chang\u00e9, et elle travaille dur pour concr\u00e9tiser ses projets. <\/p>\n\n\n\n<p class=\"has-text-align-center\">C&rsquo;est apr\u00e8s un bref passage par l&rsquo;<strong>\u00e9cole Emile Cohl<\/strong>, qu&rsquo;elle d\u00e9cide de s&rsquo;isoler dans sa cachette secr\u00e8te (encore inconnue \u00e0 ce jour) pour d\u00e9velopper son style en autodidacte. <\/p>\n\n\n\n<p class=\"has-text-align-center\">Depuis, elle travaille pour la Presse et l&rsquo;\u00e9dition internationale. Aur\u00e9lie illustre divers magazine jeunesse (<strong>J&rsquo;aime Lire, Histoire Junior<\/strong>), et nous invite au voyage avec <strong>Les Vacances de Monsieur Rhino<\/strong>, un album jeunesse \u00e9crit par <strong>Rapha\u00ebl Baud aux \u00e9ditions Chocolat<\/strong>. <\/p>\n\n\n\n<p class=\"has-text-align-center\">Apr\u00e8s plusieurs parutions BD dans des collectifs, elle signe en compagnie de <strong>Joris Chamblain<\/strong> son premier album : <strong>Les Carnets de Cerise<\/strong>, \u00e9dit\u00e9 par le label M\u00e9tamorphose de la maison d&rsquo;\u00e9dition Soleil<\/p>\n\n\n\n<p><\/p>\n\n\n\n<p class=\"has-text-align-center\"><strong>Achat sur place obligatoire<\/strong><\/p>\n\n\n\n<p><\/p>\n\n\n\n<figure class=\"wp-block-image size-full\"><img data-recalc-dims=\"1\" loading=\"lazy\" decoding=\"async\" width=\"600\" height=\"802\" src=\"https:\/\/i0.wp.com\/bdmiam.fr\/wp-content\/uploads\/2026\/03\/Carnets-de-Cerise.jpg?resize=600%2C802&#038;ssl=1\" alt=\"\" class=\"wp-image-7454\" srcset=\"https:\/\/i0.wp.com\/bdmiam.fr\/wp-content\/uploads\/2026\/03\/Carnets-de-Cerise.jpg?w=600&amp;ssl=1 600w, https:\/\/i0.wp.com\/bdmiam.fr\/wp-content\/uploads\/2026\/03\/Carnets-de-Cerise.jpg?resize=224%2C300&amp;ssl=1 224w\" sizes=\"auto, (max-width: 600px) 100vw, 600px\" \/><\/figure>\n\n\n\n<p><\/p>\n\n\n\n<p class=\"has-text-align-center\">Source : <strong><a href=\"https:\/\/www.editions-soleil.fr\/auteurs\/neyret-aurelie\" data-type=\"link\" data-id=\"https:\/\/www.editions-soleil.fr\/auteurs\/neyret-aurelie\" target=\"_blank\" rel=\"noreferrer noopener\">Edition Soleil.fr<\/a><\/strong><\/p>\n\n\n\n<p><\/p>\n","protected":false},"excerpt":{"rendered":"<p>Aur\u00e9lie Neyret est une illustratrice Lyonnaise. Quand elle \u00e9tait petite, elle r\u00eavait d&rsquo;habiter sur un bateau, collectionnait plein de choses inutiles et \u00e9tranges, elle aimait lire en cachette toute la nuit, construire des cabanes, et surtout, faire des dessins! Aujourd&rsquo;hui, sa vision de la vie n&rsquo;a pas beaucoup chang\u00e9, et elle travaille dur pour concr\u00e9tiser [&hellip;]<\/p>\n","protected":false},"author":1,"featured_media":7526,"parent":7459,"menu_order":0,"comment_status":"closed","ping_status":"closed","template":"page-with-sidebar","meta":{"footnotes":""},"class_list":["post-7525","page","type-page","status-publish","has-post-thumbnail","hentry"],"jetpack_sharing_enabled":true,"_links":{"self":[{"href":"https:\/\/bdmiam.fr\/index.php\/wp-json\/wp\/v2\/pages\/7525","targetHints":{"allow":["GET"]}}],"collection":[{"href":"https:\/\/bdmiam.fr\/index.php\/wp-json\/wp\/v2\/pages"}],"about":[{"href":"https:\/\/bdmiam.fr\/index.php\/wp-json\/wp\/v2\/types\/page"}],"author":[{"embeddable":true,"href":"https:\/\/bdmiam.fr\/index.php\/wp-json\/wp\/v2\/users\/1"}],"replies":[{"embeddable":true,"href":"https:\/\/bdmiam.fr\/index.php\/wp-json\/wp\/v2\/comments?post=7525"}],"version-history":[{"count":1,"href":"https:\/\/bdmiam.fr\/index.php\/wp-json\/wp\/v2\/pages\/7525\/revisions"}],"predecessor-version":[{"id":7527,"href":"https:\/\/bdmiam.fr\/index.php\/wp-json\/wp\/v2\/pages\/7525\/revisions\/7527"}],"up":[{"embeddable":true,"href":"https:\/\/bdmiam.fr\/index.php\/wp-json\/wp\/v2\/pages\/7459"}],"wp:featuredmedia":[{"embeddable":true,"href":"https:\/\/bdmiam.fr\/index.php\/wp-json\/wp\/v2\/media\/7526"}],"wp:attachment":[{"href":"https:\/\/bdmiam.fr\/index.php\/wp-json\/wp\/v2\/media?parent=7525"}],"curies":[{"name":"wp","href":"https:\/\/api.w.org\/{rel}","templated":true}]}}