{"id":7529,"date":"2026-03-22T16:39:20","date_gmt":"2026-03-22T15:39:20","guid":{"rendered":"https:\/\/bdmiam.fr\/?page_id=7529"},"modified":"2026-03-22T16:39:20","modified_gmt":"2026-03-22T15:39:20","slug":"jean-christophe-chauzy","status":"publish","type":"page","link":"https:\/\/bdmiam.fr\/index.php\/festival-2026\/jean-christophe-chauzy\/","title":{"rendered":"Jean-Christophe CHAUZY"},"content":{"rendered":"\n<figure data-wp-context=\"{&quot;imageId&quot;:&quot;69daddf67ad3f&quot;}\" data-wp-interactive=\"core\/image\" data-wp-key=\"69daddf67ad3f\" class=\"wp-block-image aligncenter size-full wp-lightbox-container\"><img data-recalc-dims=\"1\" loading=\"lazy\" decoding=\"async\" width=\"300\" height=\"299\" data-wp-class--hide=\"state.isContentHidden\" data-wp-class--show=\"state.isContentVisible\" data-wp-init=\"callbacks.setButtonStyles\" data-wp-on--click=\"actions.showLightbox\" data-wp-on--load=\"callbacks.setButtonStyles\" data-wp-on-window--resize=\"callbacks.setButtonStyles\" src=\"https:\/\/i0.wp.com\/bdmiam.fr\/wp-content\/uploads\/2026\/03\/154076.jpg?resize=300%2C299&#038;ssl=1\" alt=\"\" class=\"wp-image-7530\" srcset=\"https:\/\/i0.wp.com\/bdmiam.fr\/wp-content\/uploads\/2026\/03\/154076.jpg?w=300&amp;ssl=1 300w, https:\/\/i0.wp.com\/bdmiam.fr\/wp-content\/uploads\/2026\/03\/154076.jpg?resize=150%2C150&amp;ssl=1 150w\" sizes=\"auto, (max-width: 300px) 100vw, 300px\" \/><button\n\t\t\tclass=\"lightbox-trigger\"\n\t\t\ttype=\"button\"\n\t\t\taria-haspopup=\"dialog\"\n\t\t\taria-label=\"Agrandir\"\n\t\t\tdata-wp-init=\"callbacks.initTriggerButton\"\n\t\t\tdata-wp-on--click=\"actions.showLightbox\"\n\t\t\tdata-wp-style--right=\"state.imageButtonRight\"\n\t\t\tdata-wp-style--top=\"state.imageButtonTop\"\n\t\t>\n\t\t\t<svg xmlns=\"http:\/\/www.w3.org\/2000\/svg\" width=\"12\" height=\"12\" fill=\"none\" viewBox=\"0 0 12 12\">\n\t\t\t\t<path fill=\"#fff\" d=\"M2 0a2 2 0 0 0-2 2v2h1.5V2a.5.5 0 0 1 .5-.5h2V0H2Zm2 10.5H2a.5.5 0 0 1-.5-.5V8H0v2a2 2 0 0 0 2 2h2v-1.5ZM8 12v-1.5h2a.5.5 0 0 0 .5-.5V8H12v2a2 2 0 0 1-2 2H8Zm2-12a2 2 0 0 1 2 2v2h-1.5V2a.5.5 0 0 0-.5-.5H8V0h2Z\" \/>\n\t\t\t<\/svg>\n\t\t<\/button><\/figure>\n\n\n\n<p><\/p>\n\n\n\n<p class=\"has-text-align-center\"><strong>Jean-Christophe Chauzy<\/strong>\u00a0arrive chez Casterman au d\u00e9but des ann\u00e9es 1990, et s\u2019associe \u00e0 diff\u00e9rents sc\u00e9naristes comme\u00a0<strong>Denis Lapierre ou\u00a0Thierry Jonquet.<\/strong><\/p>\n\n\n\n<p class=\"has-text-align-center\">Son \u0153uvre, d\u00e9j\u00e0 teint\u00e9e de critique sociale, prend une nouvelle dimension avec sa premi\u00e8re s\u00e9rie en solo,\u00a0<em><strong>Le Reste du Monde<\/strong><\/em>, dans laquelle il explore les grandes fractures de la soci\u00e9t\u00e9 contemporaine. <\/p>\n\n\n\n<p class=\"has-text-align-center\">En 2020, commence son long combat pour \u00e9chapper \u00e0 une leuc\u00e9mie aigu\u00eb, qu\u2019il raconte en 2024 dans\u00a0<strong><em>Sang Neuf<\/em>.<\/strong><\/p>\n\n\n\n<p><\/p>\n\n\n\n<p class=\"has-text-align-center\"><strong>Achat sur place obligatoire<\/strong><\/p>\n\n\n\n<p><\/p>\n\n\n\n<figure class=\"wp-block-image aligncenter size-large\"><img data-recalc-dims=\"1\" loading=\"lazy\" decoding=\"async\" width=\"768\" height=\"1024\" src=\"https:\/\/i0.wp.com\/bdmiam.fr\/wp-content\/uploads\/2026\/03\/Le-reste-du-monde-jean-christophe-chauzy.jpg?resize=768%2C1024&#038;ssl=1\" alt=\"\" class=\"wp-image-7444\" srcset=\"https:\/\/i0.wp.com\/bdmiam.fr\/wp-content\/uploads\/2026\/03\/Le-reste-du-monde-jean-christophe-chauzy.jpg?resize=768%2C1024&amp;ssl=1 768w, https:\/\/i0.wp.com\/bdmiam.fr\/wp-content\/uploads\/2026\/03\/Le-reste-du-monde-jean-christophe-chauzy.jpg?resize=225%2C300&amp;ssl=1 225w, https:\/\/i0.wp.com\/bdmiam.fr\/wp-content\/uploads\/2026\/03\/Le-reste-du-monde-jean-christophe-chauzy.jpg?resize=1152%2C1536&amp;ssl=1 1152w, https:\/\/i0.wp.com\/bdmiam.fr\/wp-content\/uploads\/2026\/03\/Le-reste-du-monde-jean-christophe-chauzy.jpg?resize=1536%2C2048&amp;ssl=1 1536w, https:\/\/i0.wp.com\/bdmiam.fr\/wp-content\/uploads\/2026\/03\/Le-reste-du-monde-jean-christophe-chauzy.jpg?w=1710&amp;ssl=1 1710w\" sizes=\"auto, (max-width: 768px) 100vw, 768px\" \/><\/figure>\n\n\n\n<p><\/p>\n\n\n\n<p class=\"has-text-align-center\">Source : <strong><a href=\"https:\/\/www.casterman.com\/Bande-dessinee\/Auteurs\/chauzy-jean-christophe\" data-type=\"link\" data-id=\"https:\/\/www.casterman.com\/Bande-dessinee\/Auteurs\/chauzy-jean-christophe\" target=\"_blank\" rel=\"noreferrer noopener\">casterman.com<\/a><\/strong><\/p>\n\n\n\n<p><\/p>\n","protected":false},"excerpt":{"rendered":"<p>Jean-Christophe Chauzy\u00a0arrive chez Casterman au d\u00e9but des ann\u00e9es 1990, et s\u2019associe \u00e0 diff\u00e9rents sc\u00e9naristes comme\u00a0Denis Lapierre ou\u00a0Thierry Jonquet. Son \u0153uvre, d\u00e9j\u00e0 teint\u00e9e de critique sociale, prend une nouvelle dimension avec sa premi\u00e8re s\u00e9rie en solo,\u00a0Le Reste du Monde, dans laquelle il explore les grandes fractures de la soci\u00e9t\u00e9 contemporaine. En 2020, commence son long combat [&hellip;]<\/p>\n","protected":false},"author":1,"featured_media":7441,"parent":7459,"menu_order":0,"comment_status":"closed","ping_status":"closed","template":"page-with-sidebar","meta":{"footnotes":""},"class_list":["post-7529","page","type-page","status-publish","has-post-thumbnail","hentry"],"jetpack_sharing_enabled":true,"_links":{"self":[{"href":"https:\/\/bdmiam.fr\/index.php\/wp-json\/wp\/v2\/pages\/7529","targetHints":{"allow":["GET"]}}],"collection":[{"href":"https:\/\/bdmiam.fr\/index.php\/wp-json\/wp\/v2\/pages"}],"about":[{"href":"https:\/\/bdmiam.fr\/index.php\/wp-json\/wp\/v2\/types\/page"}],"author":[{"embeddable":true,"href":"https:\/\/bdmiam.fr\/index.php\/wp-json\/wp\/v2\/users\/1"}],"replies":[{"embeddable":true,"href":"https:\/\/bdmiam.fr\/index.php\/wp-json\/wp\/v2\/comments?post=7529"}],"version-history":[{"count":1,"href":"https:\/\/bdmiam.fr\/index.php\/wp-json\/wp\/v2\/pages\/7529\/revisions"}],"predecessor-version":[{"id":7531,"href":"https:\/\/bdmiam.fr\/index.php\/wp-json\/wp\/v2\/pages\/7529\/revisions\/7531"}],"up":[{"embeddable":true,"href":"https:\/\/bdmiam.fr\/index.php\/wp-json\/wp\/v2\/pages\/7459"}],"wp:featuredmedia":[{"embeddable":true,"href":"https:\/\/bdmiam.fr\/index.php\/wp-json\/wp\/v2\/media\/7441"}],"wp:attachment":[{"href":"https:\/\/bdmiam.fr\/index.php\/wp-json\/wp\/v2\/media?parent=7529"}],"curies":[{"name":"wp","href":"https:\/\/api.w.org\/{rel}","templated":true}]}}