{"id":7540,"date":"2026-03-22T17:26:04","date_gmt":"2026-03-22T16:26:04","guid":{"rendered":"https:\/\/bdmiam.fr\/?page_id=7540"},"modified":"2026-03-22T17:26:04","modified_gmt":"2026-03-22T16:26:04","slug":"thibault-rouges","status":"publish","type":"page","link":"https:\/\/bdmiam.fr\/index.php\/festival-2026\/thibault-rouges\/","title":{"rendered":"Thibault Roug\u00e8s"},"content":{"rendered":"\n<figure data-wp-context=\"{&quot;imageId&quot;:&quot;69dadf12dc592&quot;}\" data-wp-interactive=\"core\/image\" data-wp-key=\"69dadf12dc592\" class=\"wp-block-image aligncenter size-medium wp-lightbox-container\"><img data-recalc-dims=\"1\" loading=\"lazy\" decoding=\"async\" width=\"300\" height=\"300\" data-wp-class--hide=\"state.isContentHidden\" data-wp-class--show=\"state.isContentVisible\" data-wp-init=\"callbacks.setButtonStyles\" data-wp-on--click=\"actions.showLightbox\" data-wp-on--load=\"callbacks.setButtonStyles\" data-wp-on-window--resize=\"callbacks.setButtonStyles\" src=\"https:\/\/i0.wp.com\/bdmiam.fr\/wp-content\/uploads\/2026\/03\/Photo_75297.jpg?resize=300%2C300&#038;ssl=1\" alt=\"\" class=\"wp-image-7542\" srcset=\"https:\/\/i0.wp.com\/bdmiam.fr\/wp-content\/uploads\/2026\/03\/Photo_75297.jpg?resize=300%2C300&amp;ssl=1 300w, https:\/\/i0.wp.com\/bdmiam.fr\/wp-content\/uploads\/2026\/03\/Photo_75297.jpg?resize=150%2C150&amp;ssl=1 150w, https:\/\/i0.wp.com\/bdmiam.fr\/wp-content\/uploads\/2026\/03\/Photo_75297.jpg?w=650&amp;ssl=1 650w\" sizes=\"auto, (max-width: 300px) 100vw, 300px\" \/><button\n\t\t\tclass=\"lightbox-trigger\"\n\t\t\ttype=\"button\"\n\t\t\taria-haspopup=\"dialog\"\n\t\t\taria-label=\"Agrandir\"\n\t\t\tdata-wp-init=\"callbacks.initTriggerButton\"\n\t\t\tdata-wp-on--click=\"actions.showLightbox\"\n\t\t\tdata-wp-style--right=\"state.imageButtonRight\"\n\t\t\tdata-wp-style--top=\"state.imageButtonTop\"\n\t\t>\n\t\t\t<svg xmlns=\"http:\/\/www.w3.org\/2000\/svg\" width=\"12\" height=\"12\" fill=\"none\" viewBox=\"0 0 12 12\">\n\t\t\t\t<path fill=\"#fff\" d=\"M2 0a2 2 0 0 0-2 2v2h1.5V2a.5.5 0 0 1 .5-.5h2V0H2Zm2 10.5H2a.5.5 0 0 1-.5-.5V8H0v2a2 2 0 0 0 2 2h2v-1.5ZM8 12v-1.5h2a.5.5 0 0 0 .5-.5V8H12v2a2 2 0 0 1-2 2H8Zm2-12a2 2 0 0 1 2 2v2h-1.5V2a.5.5 0 0 0-.5-.5H8V0h2Z\" \/>\n\t\t\t<\/svg>\n\t\t<\/button><\/figure>\n\n\n\n<p><\/p>\n\n\n\n<p class=\"has-text-align-center\">Pass\u00e9 par <strong>les beaux-arts de Toulouse<\/strong>, <strong>Thibault Roug\u00e8s<\/strong> se plonge dans la cr\u00e9ation de son premier projet BD lors du confinement en 2020.<\/p>\n\n\n\n<p class=\"has-text-align-center\">Habit\u00e9 par une envie artistique autant que par cette premi\u00e8re histoire qui lui tient \u00e0 c\u0153ur, il mettra pr\u00e8s de 5 ans pour achever <strong>D\u00c9RACIN\u00c9 \u2013 Un tirailleur en fuite<\/strong>, qu\u2019il d\u00e9veloppe chez <strong>familiaR \u00c9ditions<\/strong>. <\/p>\n\n\n\n<p class=\"has-text-align-center\">Ses influences viennent d\u2019<strong>Hugo Pratt, Alberto Breccia, Sergio Toppi, Chabout\u00e9 et Ernest Pignon-Ernest<\/strong>.<\/p>\n\n\n\n<p><\/p>\n\n\n\n<p class=\"has-text-align-center\"><strong>Achat sur place obligatoire<\/strong><\/p>\n\n\n\n<p><\/p>\n\n\n\n<figure class=\"wp-block-image aligncenter size-large\"><img data-recalc-dims=\"1\" loading=\"lazy\" decoding=\"async\" width=\"728\" height=\"1024\" src=\"https:\/\/i0.wp.com\/bdmiam.fr\/wp-content\/uploads\/2026\/03\/Couv_527094.jpg?resize=728%2C1024&#038;ssl=1\" alt=\"\" class=\"wp-image-7543\" srcset=\"https:\/\/i0.wp.com\/bdmiam.fr\/wp-content\/uploads\/2026\/03\/Couv_527094.jpg?resize=728%2C1024&amp;ssl=1 728w, https:\/\/i0.wp.com\/bdmiam.fr\/wp-content\/uploads\/2026\/03\/Couv_527094.jpg?resize=213%2C300&amp;ssl=1 213w, https:\/\/i0.wp.com\/bdmiam.fr\/wp-content\/uploads\/2026\/03\/Couv_527094.jpg?resize=768%2C1081&amp;ssl=1 768w, https:\/\/i0.wp.com\/bdmiam.fr\/wp-content\/uploads\/2026\/03\/Couv_527094.jpg?w=850&amp;ssl=1 850w\" sizes=\"auto, (max-width: 728px) 100vw, 728px\" \/><\/figure>\n\n\n\n<p><\/p>\n\n\n\n<p class=\"has-text-align-center\">Source : <strong><a href=\"https:\/\/www.familiar-editions.com\/famille\/thibault-rouges\/\" data-type=\"link\" data-id=\"https:\/\/www.familiar-editions.com\/famille\/thibault-rouges\/\" target=\"_blank\" rel=\"noreferrer noopener\">familiar-editions.com<\/a><\/strong><\/p>\n\n\n\n<p><\/p>\n","protected":false},"excerpt":{"rendered":"<p>Pass\u00e9 par les beaux-arts de Toulouse, Thibault Roug\u00e8s se plonge dans la cr\u00e9ation de son premier projet BD lors du confinement en 2020. Habit\u00e9 par une envie artistique autant que par cette premi\u00e8re histoire qui lui tient \u00e0 c\u0153ur, il mettra pr\u00e8s de 5 ans pour achever D\u00c9RACIN\u00c9 \u2013 Un tirailleur en fuite, qu\u2019il d\u00e9veloppe [&hellip;]<\/p>\n","protected":false},"author":1,"featured_media":7541,"parent":7459,"menu_order":0,"comment_status":"closed","ping_status":"closed","template":"page-with-sidebar","meta":{"footnotes":""},"class_list":["post-7540","page","type-page","status-publish","has-post-thumbnail","hentry"],"jetpack_sharing_enabled":true,"_links":{"self":[{"href":"https:\/\/bdmiam.fr\/index.php\/wp-json\/wp\/v2\/pages\/7540","targetHints":{"allow":["GET"]}}],"collection":[{"href":"https:\/\/bdmiam.fr\/index.php\/wp-json\/wp\/v2\/pages"}],"about":[{"href":"https:\/\/bdmiam.fr\/index.php\/wp-json\/wp\/v2\/types\/page"}],"author":[{"embeddable":true,"href":"https:\/\/bdmiam.fr\/index.php\/wp-json\/wp\/v2\/users\/1"}],"replies":[{"embeddable":true,"href":"https:\/\/bdmiam.fr\/index.php\/wp-json\/wp\/v2\/comments?post=7540"}],"version-history":[{"count":1,"href":"https:\/\/bdmiam.fr\/index.php\/wp-json\/wp\/v2\/pages\/7540\/revisions"}],"predecessor-version":[{"id":7544,"href":"https:\/\/bdmiam.fr\/index.php\/wp-json\/wp\/v2\/pages\/7540\/revisions\/7544"}],"up":[{"embeddable":true,"href":"https:\/\/bdmiam.fr\/index.php\/wp-json\/wp\/v2\/pages\/7459"}],"wp:featuredmedia":[{"embeddable":true,"href":"https:\/\/bdmiam.fr\/index.php\/wp-json\/wp\/v2\/media\/7541"}],"wp:attachment":[{"href":"https:\/\/bdmiam.fr\/index.php\/wp-json\/wp\/v2\/media?parent=7540"}],"curies":[{"name":"wp","href":"https:\/\/api.w.org\/{rel}","templated":true}]}}