{"id":7599,"date":"2026-04-28T21:12:04","date_gmt":"2026-04-28T19:12:04","guid":{"rendered":"https:\/\/bdmiam.fr\/?page_id=7599"},"modified":"2026-04-28T21:16:20","modified_gmt":"2026-04-28T19:16:20","slug":"nicolas-siner","status":"publish","type":"page","link":"https:\/\/bdmiam.fr\/index.php\/festival-2026\/nicolas-siner\/","title":{"rendered":"Nicolas SINER"},"content":{"rendered":"\n<figure data-wp-context=\"{&quot;imageId&quot;:&quot;69f18e4d15306&quot;}\" data-wp-interactive=\"core\/image\" data-wp-key=\"69f18e4d15306\" class=\"wp-block-image aligncenter size-medium wp-lightbox-container\"><img data-recalc-dims=\"1\" loading=\"lazy\" decoding=\"async\" width=\"225\" height=\"300\" data-wp-class--hide=\"state.isContentHidden\" data-wp-class--show=\"state.isContentVisible\" data-wp-init=\"callbacks.setButtonStyles\" data-wp-on--click=\"actions.showLightbox\" data-wp-on--load=\"callbacks.setButtonStyles\" data-wp-on-window--resize=\"callbacks.setButtonStyles\" src=\"https:\/\/i0.wp.com\/bdmiam.fr\/wp-content\/uploads\/2026\/04\/671654757_2400515710456457_781272265159615606_n.jpg?resize=225%2C300&#038;ssl=1\" alt=\"\" class=\"wp-image-7603\" srcset=\"https:\/\/i0.wp.com\/bdmiam.fr\/wp-content\/uploads\/2026\/04\/671654757_2400515710456457_781272265159615606_n.jpg?resize=225%2C300&amp;ssl=1 225w, https:\/\/i0.wp.com\/bdmiam.fr\/wp-content\/uploads\/2026\/04\/671654757_2400515710456457_781272265159615606_n.jpg?resize=768%2C1024&amp;ssl=1 768w, https:\/\/i0.wp.com\/bdmiam.fr\/wp-content\/uploads\/2026\/04\/671654757_2400515710456457_781272265159615606_n.jpg?resize=1152%2C1536&amp;ssl=1 1152w, https:\/\/i0.wp.com\/bdmiam.fr\/wp-content\/uploads\/2026\/04\/671654757_2400515710456457_781272265159615606_n.jpg?w=1536&amp;ssl=1 1536w\" sizes=\"auto, (max-width: 225px) 100vw, 225px\" \/><button\n\t\t\tclass=\"lightbox-trigger\"\n\t\t\ttype=\"button\"\n\t\t\taria-haspopup=\"dialog\"\n\t\t\taria-label=\"Agrandir\"\n\t\t\tdata-wp-init=\"callbacks.initTriggerButton\"\n\t\t\tdata-wp-on--click=\"actions.showLightbox\"\n\t\t\tdata-wp-style--right=\"state.imageButtonRight\"\n\t\t\tdata-wp-style--top=\"state.imageButtonTop\"\n\t\t>\n\t\t\t<svg xmlns=\"http:\/\/www.w3.org\/2000\/svg\" width=\"12\" height=\"12\" fill=\"none\" viewBox=\"0 0 12 12\">\n\t\t\t\t<path fill=\"#fff\" d=\"M2 0a2 2 0 0 0-2 2v2h1.5V2a.5.5 0 0 1 .5-.5h2V0H2Zm2 10.5H2a.5.5 0 0 1-.5-.5V8H0v2a2 2 0 0 0 2 2h2v-1.5ZM8 12v-1.5h2a.5.5 0 0 0 .5-.5V8H12v2a2 2 0 0 1-2 2H8Zm2-12a2 2 0 0 1 2 2v2h-1.5V2a.5.5 0 0 0-.5-.5H8V0h2Z\" \/>\n\t\t\t<\/svg>\n\t\t<\/button><\/figure>\n\n\n\n<p class=\"has-text-align-center\"><strong>N\u00e9 \u00e0 Paris en 1985<\/strong>, <strong>Nicolas Siner<\/strong> a depuis toujours \u00e9t\u00e9 attir\u00e9 par le dessin. <\/p>\n\n\n\n<p class=\"has-text-align-center\">Ce n&rsquo;est pourtant qu&rsquo;apr\u00e8s son baccalaur\u00e9at scientifique en 2003 et une ann\u00e9e d&rsquo;incertitude qu&rsquo;il entre \u00e0 <strong>l&rsquo;\u00e9cole Pivaut<\/strong> en septembre 2004.<\/p>\n\n\n\n<p class=\"has-text-align-center\">Apr\u00e8s 4 ans d&rsquo;\u00e9tudes, il obtient son dipl\u00f4me et entame sa carri\u00e8re professionnelle avec de l&rsquo;illustration pour une couverture de roman aux <strong>\u00e9ditions Mn\u00e9mos<\/strong> et une collaboration r\u00e9guli\u00e8re au magazine <strong>Science &amp; Vie Junior.<\/strong><\/p>\n\n\n\n<p class=\"has-text-align-center\">En juin 2009, il signe chez <strong>12Bis<\/strong> son premier album de bande dessin\u00e9e avec <strong>J\u00e9r\u00f4me Le Gris<\/strong> au sc\u00e9nario, <strong>Horacio d&rsquo;Alba.<\/strong><\/p>\n\n\n\n<p class=\"has-text-align-center\">Le m\u00eame duo livrera en 2022 le premier tome de la s\u00e9rie fantastique <strong>Lord Gravestone aux \u00e9ditions Gl\u00e9nat<\/strong>.<\/p>\n\n\n\n<p class=\"has-text-align-center\">2026 marque l&rsquo;arriv\u00e9e de Nicolas Siner aux <strong>\u00e9ditions du Lombard<\/strong> avec <strong>Diable P\u00e2le<\/strong>, s\u00e9rie western sc\u00e9naris\u00e9e par <strong>Vincent Brugeas.<\/strong><\/p>\n\n\n\n<p><\/p>\n\n\n\n<p class=\"has-text-align-center\"><strong>Achat sur place obligatoire<\/strong><\/p>\n\n\n\n<p><\/p>\n\n\n\n<figure data-wp-context=\"{&quot;imageId&quot;:&quot;69f18e4d15a08&quot;}\" data-wp-interactive=\"core\/image\" data-wp-key=\"69f18e4d15a08\" class=\"wp-block-image size-large wp-lightbox-container\"><img data-recalc-dims=\"1\" loading=\"lazy\" decoding=\"async\" width=\"776\" height=\"1024\" data-wp-class--hide=\"state.isContentHidden\" data-wp-class--show=\"state.isContentVisible\" data-wp-init=\"callbacks.setButtonStyles\" data-wp-on--click=\"actions.showLightbox\" data-wp-on--load=\"callbacks.setButtonStyles\" data-wp-on-window--resize=\"callbacks.setButtonStyles\" src=\"https:\/\/i0.wp.com\/bdmiam.fr\/wp-content\/uploads\/2026\/04\/album-cover-large-60665.jpg?resize=776%2C1024&#038;ssl=1\" alt=\"\" class=\"wp-image-7601\" srcset=\"https:\/\/i0.wp.com\/bdmiam.fr\/wp-content\/uploads\/2026\/04\/album-cover-large-60665.jpg?resize=776%2C1024&amp;ssl=1 776w, https:\/\/i0.wp.com\/bdmiam.fr\/wp-content\/uploads\/2026\/04\/album-cover-large-60665.jpg?resize=227%2C300&amp;ssl=1 227w, https:\/\/i0.wp.com\/bdmiam.fr\/wp-content\/uploads\/2026\/04\/album-cover-large-60665.jpg?resize=768%2C1014&amp;ssl=1 768w, https:\/\/i0.wp.com\/bdmiam.fr\/wp-content\/uploads\/2026\/04\/album-cover-large-60665.jpg?resize=1163%2C1536&amp;ssl=1 1163w, https:\/\/i0.wp.com\/bdmiam.fr\/wp-content\/uploads\/2026\/04\/album-cover-large-60665.jpg?w=1417&amp;ssl=1 1417w\" sizes=\"auto, (max-width: 776px) 100vw, 776px\" \/><button\n\t\t\tclass=\"lightbox-trigger\"\n\t\t\ttype=\"button\"\n\t\t\taria-haspopup=\"dialog\"\n\t\t\taria-label=\"Agrandir\"\n\t\t\tdata-wp-init=\"callbacks.initTriggerButton\"\n\t\t\tdata-wp-on--click=\"actions.showLightbox\"\n\t\t\tdata-wp-style--right=\"state.imageButtonRight\"\n\t\t\tdata-wp-style--top=\"state.imageButtonTop\"\n\t\t>\n\t\t\t<svg xmlns=\"http:\/\/www.w3.org\/2000\/svg\" width=\"12\" height=\"12\" fill=\"none\" viewBox=\"0 0 12 12\">\n\t\t\t\t<path fill=\"#fff\" d=\"M2 0a2 2 0 0 0-2 2v2h1.5V2a.5.5 0 0 1 .5-.5h2V0H2Zm2 10.5H2a.5.5 0 0 1-.5-.5V8H0v2a2 2 0 0 0 2 2h2v-1.5ZM8 12v-1.5h2a.5.5 0 0 0 .5-.5V8H12v2a2 2 0 0 1-2 2H8Zm2-12a2 2 0 0 1 2 2v2h-1.5V2a.5.5 0 0 0-.5-.5H8V0h2Z\" \/>\n\t\t\t<\/svg>\n\t\t<\/button><\/figure>\n\n\n\n<p><\/p>\n\n\n\n<p class=\"has-text-align-center\">Sources : <strong><a href=\"https:\/\/www.lelombard.com\/auteur-bd\/siner-nicolas\" data-type=\"link\" data-id=\"https:\/\/www.lelombard.com\/auteur-bd\/siner-nicolas\" target=\"_blank\" rel=\"noreferrer noopener\">Le Lombard.com<\/a><\/strong><\/p>\n\n\n\n<p><\/p>\n","protected":false},"excerpt":{"rendered":"<p>N\u00e9 \u00e0 Paris en 1985, Nicolas Siner a depuis toujours \u00e9t\u00e9 attir\u00e9 par le dessin. Ce n&rsquo;est pourtant qu&rsquo;apr\u00e8s son baccalaur\u00e9at scientifique en 2003 et une ann\u00e9e d&rsquo;incertitude qu&rsquo;il entre \u00e0 l&rsquo;\u00e9cole Pivaut en septembre 2004. Apr\u00e8s 4 ans d&rsquo;\u00e9tudes, il obtient son dipl\u00f4me et entame sa carri\u00e8re professionnelle avec de l&rsquo;illustration pour une couverture [&hellip;]<\/p>\n","protected":false},"author":1,"featured_media":7600,"parent":7459,"menu_order":0,"comment_status":"closed","ping_status":"closed","template":"page-with-sidebar","meta":{"footnotes":""},"class_list":["post-7599","page","type-page","status-publish","has-post-thumbnail","hentry"],"jetpack_sharing_enabled":true,"_links":{"self":[{"href":"https:\/\/bdmiam.fr\/index.php\/wp-json\/wp\/v2\/pages\/7599","targetHints":{"allow":["GET"]}}],"collection":[{"href":"https:\/\/bdmiam.fr\/index.php\/wp-json\/wp\/v2\/pages"}],"about":[{"href":"https:\/\/bdmiam.fr\/index.php\/wp-json\/wp\/v2\/types\/page"}],"author":[{"embeddable":true,"href":"https:\/\/bdmiam.fr\/index.php\/wp-json\/wp\/v2\/users\/1"}],"replies":[{"embeddable":true,"href":"https:\/\/bdmiam.fr\/index.php\/wp-json\/wp\/v2\/comments?post=7599"}],"version-history":[{"count":3,"href":"https:\/\/bdmiam.fr\/index.php\/wp-json\/wp\/v2\/pages\/7599\/revisions"}],"predecessor-version":[{"id":7606,"href":"https:\/\/bdmiam.fr\/index.php\/wp-json\/wp\/v2\/pages\/7599\/revisions\/7606"}],"up":[{"embeddable":true,"href":"https:\/\/bdmiam.fr\/index.php\/wp-json\/wp\/v2\/pages\/7459"}],"wp:featuredmedia":[{"embeddable":true,"href":"https:\/\/bdmiam.fr\/index.php\/wp-json\/wp\/v2\/media\/7600"}],"wp:attachment":[{"href":"https:\/\/bdmiam.fr\/index.php\/wp-json\/wp\/v2\/media?parent=7599"}],"curies":[{"name":"wp","href":"https:\/\/api.w.org\/{rel}","templated":true}]}}